{"id":466,"date":"2024-05-16T12:55:26","date_gmt":"2024-05-16T09:55:26","guid":{"rendered":"https:\/\/daimoglucam.com\/?page_id=466"},"modified":"2024-05-16T12:57:22","modified_gmt":"2024-05-16T09:57:22","slug":"bina-girisi-aynalari","status":"publish","type":"page","link":"https:\/\/daimoglucam.com\/index.php\/bina-girisi-aynalari\/","title":{"rendered":"Bina Giri\u015fi Ayna Tasar\u0131mlar\u0131"},"content":{"rendered":"","protected":false},"excerpt":{"rendered":"","protected":false},"author":1,"featured_media":0,"parent":0,"menu_order":0,"comment_status":"closed","ping_status":"closed","template":"","meta":{"_themeisle_gutenberg_block_has_review":false,"_joinchat":[],"footnotes":""},"aioseo_notices":[],"_links":{"self":[{"href":"https:\/\/daimoglucam.com\/index.php\/wp-json\/wp\/v2\/pages\/466"}],"collection":[{"href":"https:\/\/daimoglucam.com\/index.php\/wp-json\/wp\/v2\/pages"}],"about":[{"href":"https:\/\/daimoglucam.com\/index.php\/wp-json\/wp\/v2\/types\/page"}],"author":[{"embeddable":true,"href":"https:\/\/daimoglucam.com\/index.php\/wp-json\/wp\/v2\/users\/1"}],"replies":[{"embeddable":true,"href":"https:\/\/daimoglucam.com\/index.php\/wp-json\/wp\/v2\/comments?post=466"}],"version-history":[{"count":1,"href":"https:\/\/daimoglucam.com\/index.php\/wp-json\/wp\/v2\/pages\/466\/revisions"}],"predecessor-version":[{"id":467,"href":"https:\/\/daimoglucam.com\/index.php\/wp-json\/wp\/v2\/pages\/466\/revisions\/467"}],"wp:attachment":[{"href":"https:\/\/daimoglucam.com\/index.php\/wp-json\/wp\/v2\/media?parent=466"}],"curies":[{"name":"wp","href":"https:\/\/api.w.org\/{rel}","templated":true}]}}