{"id":417,"date":"2024-05-16T11:34:57","date_gmt":"2024-05-16T08:34:57","guid":{"rendered":"https:\/\/daimoglucam.com\/?page_id=417"},"modified":"2024-05-16T11:38:59","modified_gmt":"2024-05-16T08:38:59","slug":"salon-aynalari","status":"publish","type":"page","link":"https:\/\/daimoglucam.com\/index.php\/salon-aynalari\/","title":{"rendered":"\u00d6zel Salon Ayna Tasar\u0131mlar\u0131m\u0131z"},"content":{"rendered":"","protected":false},"excerpt":{"rendered":"","protected":false},"author":1,"featured_media":0,"parent":0,"menu_order":0,"comment_status":"closed","ping_status":"closed","template":"","meta":{"_themeisle_gutenberg_block_has_review":false,"_joinchat":[],"footnotes":""},"aioseo_notices":[],"_links":{"self":[{"href":"https:\/\/daimoglucam.com\/index.php\/wp-json\/wp\/v2\/pages\/417"}],"collection":[{"href":"https:\/\/daimoglucam.com\/index.php\/wp-json\/wp\/v2\/pages"}],"about":[{"href":"https:\/\/daimoglucam.com\/index.php\/wp-json\/wp\/v2\/types\/page"}],"author":[{"embeddable":true,"href":"https:\/\/daimoglucam.com\/index.php\/wp-json\/wp\/v2\/users\/1"}],"replies":[{"embeddable":true,"href":"https:\/\/daimoglucam.com\/index.php\/wp-json\/wp\/v2\/comments?post=417"}],"version-history":[{"count":1,"href":"https:\/\/daimoglucam.com\/index.php\/wp-json\/wp\/v2\/pages\/417\/revisions"}],"predecessor-version":[{"id":418,"href":"https:\/\/daimoglucam.com\/index.php\/wp-json\/wp\/v2\/pages\/417\/revisions\/418"}],"wp:attachment":[{"href":"https:\/\/daimoglucam.com\/index.php\/wp-json\/wp\/v2\/media?parent=417"}],"curies":[{"name":"wp","href":"https:\/\/api.w.org\/{rel}","templated":true}]}}